{"id":14381,"date":"2024-06-12T15:05:30","date_gmt":"2024-06-12T12:05:30","guid":{"rendered":"http:\/\/www.berchem.com.tr\/english\/?page_id=14381"},"modified":"2025-10-13T16:21:49","modified_gmt":"2025-10-13T13:21:49","slug":"contact","status":"publish","type":"page","link":"https:\/\/www.berchem.com.tr\/english\/contact\/","title":{"rendered":"Contact"},"content":{"rendered":"\t\t<div data-elementor-type=\"wp-page\" data-elementor-id=\"14381\" class=\"elementor elementor-14381\" data-elementor-post-type=\"page\">\n\t\t\t\t<div class=\"elementor-element elementor-element-83f136a e-flex e-con-boxed e-con e-parent\" data-id=\"83f136a\" data-element_type=\"container\">\n\t\t\t\t\t<div class=\"e-con-inner\">\n\t\t<div class=\"elementor-element elementor-element-156933b e-grid e-con-boxed e-con e-child\" data-id=\"156933b\" data-element_type=\"container\">\n\t\t\t\t\t<div class=\"e-con-inner\">\n\t\t\t\t<div class=\"elementor-element elementor-element-2687cef elementor-widget elementor-widget-text-editor\" data-id=\"2687cef\" data-element_type=\"widget\" data-widget_type=\"text-editor.default\">\n\t\t\t\t<div class=\"elementor-widget-container\">\n\t\t\t\t\t\t\t\t\t<p><strong>Our Contact Information<\/strong><br \/><em><strong>e-mail:<br \/><\/strong><\/em>info@berchem.com.tr<br \/>operasyon@berchem.com.tr<br \/><strong>Our Working Hours<\/strong><br \/>Open \u2013 Monday \u2013 Friday 08:30-18:00<br \/>Closed \u2013 Saturday \u2013 Sunday<br \/><strong><em>Address:<\/em><\/strong> Tantavi Mah. Estergon Cad. Exen \u0130stanbul Sitesi F Blok<br \/>No: 24F \u0130\u00e7 Kap\u0131 No: 364 Adres No: 3370913752 34764 \u00dcmraniye \/ \u0130stanbul \/ T\u00fcrkiye<\/p><p><strong>Tax Office:<\/strong> Alemda\u011f Vergi Dairesi M\u00fcd\u00fcrl\u00fc\u011f\u00fc<br \/><strong><em>VKN:<\/em><\/strong> 1660693227<br \/><strong><em>Ticaret Sicil No:<\/em><\/strong> 207998-5<br \/><strong><em>Mersis No:<\/em><\/strong> 166069322700001<br \/><strong><em>Google Map Link:<\/em><\/strong> <a href=\"https:\/\/maps.app.goo.gl\/wXQ5ZDZXYodmxYkv9\" target=\"_blank\" rel=\"noopener\">https:\/\/maps.app.goo.gl\/wXQ5ZDZXYodmxYkv9<\/a><br \/><em><strong>Yandek Map Link: <\/strong><\/em><a href=\"https:\/\/yandex.com.tr\/harita\/-\/CDrSRNlX\" target=\"_blank\" rel=\"noopener\">https:\/\/yandex.com.tr\/harita\/-\/CDrSRNlX<\/a><\/p>\t\t\t\t\t\t\t\t<\/div>\n\t\t\t\t<\/div>\n\t\t\t\t<div class=\"elementor-element elementor-element-3f26a51 elementor-widget elementor-widget-html\" data-id=\"3f26a51\" data-element_type=\"widget\" data-widget_type=\"html.default\">\n\t\t\t\t<div class=\"elementor-widget-container\">\n\t\t\t\t\t<iframe src=\"https:\/\/www.google.com\/maps\/embed?pb=!1m18!1m12!1m3!1d48159.81737121728!2d29.069335224569077!3d41.025505664835734!2m3!1f0!2f0!3f0!3m2!1i1024!2i768!4f13.1!3m3!1m2!1s0x14cac9ef02e10ec3%3A0x6869149dcdc82d97!2sBerchem%20Kimya!5e0!3m2!1str!2str!4v1719214603996!5m2!1str!2str\" width=\"600\" height=\"500\" style=\"border:0;\" allowfullscreen=\"\" loading=\"lazy\" referrerpolicy=\"no-referrer-when-downgrade\"><\/iframe>\t\t\t\t<\/div>\n\t\t\t\t<\/div>\n\t\t\t\t\t<\/div>\n\t\t\t\t<\/div>\n\t\t\t\t\t<\/div>\n\t\t\t\t<\/div>\n\t\t<div class=\"elementor-element elementor-element-a1fd787 e-con-full e-flex e-con e-parent\" data-id=\"a1fd787\" data-element_type=\"container\" data-settings=\"{&quot;background_background&quot;:&quot;classic&quot;}\">\n\t\t<div class=\"elementor-element elementor-element-a65c827 e-con-full e-flex e-con e-child\" data-id=\"a65c827\" data-element_type=\"container\">\n\t\t\t\t<div class=\"elementor-element elementor-element-6bacaf9 elementor-widget-divider--view-line elementor-widget elementor-widget-divider\" data-id=\"6bacaf9\" data-element_type=\"widget\" data-widget_type=\"divider.default\">\n\t\t\t\t<div class=\"elementor-widget-container\">\n\t\t\t\t\t\t\t<div class=\"elementor-divider\">\n\t\t\t<span class=\"elementor-divider-separator\">\n\t\t\t\t\t\t<\/span>\n\t\t<\/div>\n\t\t\t\t\t\t<\/div>\n\t\t\t\t<\/div>\n\t\t\t\t<\/div>\n\t\t<div class=\"elementor-element elementor-element-25e8d5c e-con-full e-flex e-con e-child\" data-id=\"25e8d5c\" data-element_type=\"container\" data-settings=\"{&quot;background_background&quot;:&quot;classic&quot;}\">\n\t\t<div class=\"elementor-element elementor-element-707d104 e-flex e-con-boxed e-con e-child\" data-id=\"707d104\" data-element_type=\"container\">\n\t\t\t\t\t<div class=\"e-con-inner\">\n\t\t<div class=\"elementor-element elementor-element-6c51739 e-con-full e-flex e-con e-child\" data-id=\"6c51739\" data-element_type=\"container\">\n\t\t\t\t<div class=\"elementor-element elementor-element-b5fabb3 elementor-widget elementor-widget-image\" data-id=\"b5fabb3\" data-element_type=\"widget\" data-widget_type=\"image.default\">\n\t\t\t\t<div class=\"elementor-widget-container\">\n\t\t\t\t\t\t\t\t\t\t\t\t\t\t\t<img decoding=\"async\" width=\"150\" height=\"150\" src=\"https:\/\/www.berchem.com.tr\/english\/wp-content\/uploads\/2020\/04\/Berchem-Kimya-Logo-400-150x150.png\" class=\"attachment-thumbnail size-thumbnail wp-image-13878\" alt=\"\" srcset=\"https:\/\/www.berchem.com.tr\/english\/wp-content\/uploads\/2020\/04\/Berchem-Kimya-Logo-400-150x150.png 150w, https:\/\/www.berchem.com.tr\/english\/wp-content\/uploads\/2020\/04\/Berchem-Kimya-Logo-400-300x300.png 300w, https:\/\/www.berchem.com.tr\/english\/wp-content\/uploads\/2020\/04\/Berchem-Kimya-Logo-400-200x200.png 200w, https:\/\/www.berchem.com.tr\/english\/wp-content\/uploads\/2020\/04\/Berchem-Kimya-Logo-400.png 400w\" sizes=\"(max-width: 150px) 100vw, 150px\" \/>\t\t\t\t\t\t\t\t\t\t\t\t\t\t\t<\/div>\n\t\t\t\t<\/div>\n\t\t<div class=\"elementor-element elementor-element-54b2d61 e-flex e-con-boxed e-con e-child\" data-id=\"54b2d61\" data-element_type=\"container\">\n\t\t\t\t\t<div class=\"e-con-inner\">\n\t\t\t\t<div class=\"elementor-element elementor-element-3a850a0 elementor-widget__width-auto elementor-align-center elementor-widget elementor-widget-the7_icon_widget\" data-id=\"3a850a0\" data-element_type=\"widget\" data-widget_type=\"the7_icon_widget.default\">\n\t\t\t\t<div class=\"elementor-widget-container\">\n\t\t\t\t\t<div class=\"the7-icon-wrapper the7-elementor-widget\"><div class=\"elementor-icon\"><svg aria-hidden=\"true\" class=\"e-font-icon-svg e-fab-facebook\" viewBox=\"0 0 512 512\" xmlns=\"http:\/\/www.w3.org\/2000\/svg\"><path d=\"M504 256C504 119 393 8 256 8S8 119 8 256c0 123.78 90.69 226.38 209.25 245V327.69h-63V256h63v-54.64c0-62.15 37-96.48 93.67-96.48 27.14 0 55.52 4.84 55.52 4.84v61h-31.28c-30.8 0-40.41 19.12-40.41 38.73V256h68.78l-11 71.69h-57.78V501C413.31 482.38 504 379.78 504 256z\"><\/path><\/svg><\/div><\/div>\t\t\t\t<\/div>\n\t\t\t\t<\/div>\n\t\t\t\t<div class=\"elementor-element elementor-element-d5d35c1 elementor-widget__width-auto elementor-align-center elementor-widget elementor-widget-the7_icon_widget\" data-id=\"d5d35c1\" data-element_type=\"widget\" data-widget_type=\"the7_icon_widget.default\">\n\t\t\t\t<div class=\"elementor-widget-container\">\n\t\t\t\t\t<div class=\"the7-icon-wrapper the7-elementor-widget\"><div class=\"elementor-icon\"><svg aria-hidden=\"true\" class=\"e-font-icon-svg e-fab-instagram\" viewBox=\"0 0 448 512\" xmlns=\"http:\/\/www.w3.org\/2000\/svg\"><path d=\"M224.1 141c-63.6 0-114.9 51.3-114.9 114.9s51.3 114.9 114.9 114.9S339 319.5 339 255.9 287.7 141 224.1 141zm0 189.6c-41.1 0-74.7-33.5-74.7-74.7s33.5-74.7 74.7-74.7 74.7 33.5 74.7 74.7-33.6 74.7-74.7 74.7zm146.4-194.3c0 14.9-12 26.8-26.8 26.8-14.9 0-26.8-12-26.8-26.8s12-26.8 26.8-26.8 26.8 12 26.8 26.8zm76.1 27.2c-1.7-35.9-9.9-67.7-36.2-93.9-26.2-26.2-58-34.4-93.9-36.2-37-2.1-147.9-2.1-184.9 0-35.8 1.7-67.6 9.9-93.9 36.1s-34.4 58-36.2 93.9c-2.1 37-2.1 147.9 0 184.9 1.7 35.9 9.9 67.7 36.2 93.9s58 34.4 93.9 36.2c37 2.1 147.9 2.1 184.9 0 35.9-1.7 67.7-9.9 93.9-36.2 26.2-26.2 34.4-58 36.2-93.9 2.1-37 2.1-147.8 0-184.8zM398.8 388c-7.8 19.6-22.9 34.7-42.6 42.6-29.5 11.7-99.5 9-132.1 9s-102.7 2.6-132.1-9c-19.6-7.8-34.7-22.9-42.6-42.6-11.7-29.5-9-99.5-9-132.1s-2.6-102.7 9-132.1c7.8-19.6 22.9-34.7 42.6-42.6 29.5-11.7 99.5-9 132.1-9s102.7-2.6 132.1 9c19.6 7.8 34.7 22.9 42.6 42.6 11.7 29.5 9 99.5 9 132.1s2.7 102.7-9 132.1z\"><\/path><\/svg><\/div><\/div>\t\t\t\t<\/div>\n\t\t\t\t<\/div>\n\t\t\t\t<div class=\"elementor-element elementor-element-9d13fcb elementor-widget__width-auto elementor-align-center elementor-widget elementor-widget-the7_icon_widget\" data-id=\"9d13fcb\" data-element_type=\"widget\" data-widget_type=\"the7_icon_widget.default\">\n\t\t\t\t<div class=\"elementor-widget-container\">\n\t\t\t\t\t<div class=\"the7-icon-wrapper the7-elementor-widget\"><div class=\"elementor-icon\"><svg aria-hidden=\"true\" class=\"e-font-icon-svg e-fab-x-twitter\" viewBox=\"0 0 512 512\" xmlns=\"http:\/\/www.w3.org\/2000\/svg\"><path d=\"M389.2 48h70.6L305.6 224.2 487 464H345L233.7 318.6 106.5 464H35.8L200.7 275.5 26.8 48H172.4L272.9 180.9 389.2 48zM364.4 421.8h39.1L151.1 88h-42L364.4 421.8z\"><\/path><\/svg><\/div><\/div>\t\t\t\t<\/div>\n\t\t\t\t<\/div>\n\t\t\t\t<div class=\"elementor-element elementor-element-efd3647 elementor-widget__width-auto elementor-align-center elementor-widget elementor-widget-the7_icon_widget\" data-id=\"efd3647\" data-element_type=\"widget\" data-widget_type=\"the7_icon_widget.default\">\n\t\t\t\t<div class=\"elementor-widget-container\">\n\t\t\t\t\t<div class=\"the7-icon-wrapper the7-elementor-widget\"><div class=\"elementor-icon\"><svg aria-hidden=\"true\" class=\"e-font-icon-svg e-fab-youtube\" viewBox=\"0 0 576 512\" xmlns=\"http:\/\/www.w3.org\/2000\/svg\"><path d=\"M549.655 124.083c-6.281-23.65-24.787-42.276-48.284-48.597C458.781 64 288 64 288 64S117.22 64 74.629 75.486c-23.497 6.322-42.003 24.947-48.284 48.597-11.412 42.867-11.412 132.305-11.412 132.305s0 89.438 11.412 132.305c6.281 23.65 24.787 41.5 48.284 47.821C117.22 448 288 448 288 448s170.78 0 213.371-11.486c23.497-6.321 42.003-24.171 48.284-47.821 11.412-42.867 11.412-132.305 11.412-132.305s0-89.438-11.412-132.305zm-317.51 213.508V175.185l142.739 81.205-142.739 81.201z\"><\/path><\/svg><\/div><\/div>\t\t\t\t<\/div>\n\t\t\t\t<\/div>\n\t\t\t\t\t<\/div>\n\t\t\t\t<\/div>\n\t\t\t\t<\/div>\n\t\t<div class=\"elementor-element elementor-element-9aec308 e-con-full e-flex e-con e-child\" data-id=\"9aec308\" data-element_type=\"container\">\n\t\t<div class=\"elementor-element elementor-element-f95d8ce e-flex e-con-boxed e-con e-child\" data-id=\"f95d8ce\" data-element_type=\"container\">\n\t\t\t\t\t<div class=\"e-con-inner\">\n\t\t\t\t<div class=\"elementor-element elementor-element-1a7b82d elementor-widget elementor-widget-the7-heading\" data-id=\"1a7b82d\" data-element_type=\"widget\" data-widget_type=\"the7-heading.default\">\n\t\t\t\t<div class=\"elementor-widget-container\">\n\t\t\t\t\t<h2 class=\"the7-heading-title elementor-size-default\">Our Phone and e-mail Information<\/h2>\t\t\t\t<\/div>\n\t\t\t\t<\/div>\n\t\t\t\t<div class=\"elementor-element elementor-element-704c691 elementor-widget elementor-widget-the7-heading\" data-id=\"704c691\" data-element_type=\"widget\" data-widget_type=\"the7-heading.default\">\n\t\t\t\t<div class=\"elementor-widget-container\">\n\t\t\t\t\t<h2 class=\"the7-heading-title elementor-size-default\">GSM: +90 535 306 82 62<\/h2>\t\t\t\t<\/div>\n\t\t\t\t<\/div>\n\t\t\t\t<div class=\"elementor-element elementor-element-096f923 elementor-widget elementor-widget-the7-heading\" data-id=\"096f923\" data-element_type=\"widget\" data-widget_type=\"the7-heading.default\">\n\t\t\t\t<div class=\"elementor-widget-container\">\n\t\t\t\t\t<h2 class=\"the7-heading-title elementor-size-default\">Tel: +90 216 766 35 10<\/h2>\t\t\t\t<\/div>\n\t\t\t\t<\/div>\n\t\t\t\t<div class=\"elementor-element elementor-element-010d098 elementor-widget elementor-widget-the7-heading\" data-id=\"010d098\" data-element_type=\"widget\" data-widget_type=\"the7-heading.default\">\n\t\t\t\t<div class=\"elementor-widget-container\">\n\t\t\t\t\t<h2 class=\"the7-heading-title elementor-size-default\">Fax: +90 216 766 35 11<\/h2>\t\t\t\t<\/div>\n\t\t\t\t<\/div>\n\t\t\t\t\t<\/div>\n\t\t\t\t<\/div>\n\t\t<div class=\"elementor-element elementor-element-d43eb74 e-flex e-con-boxed e-con e-child\" data-id=\"d43eb74\" data-element_type=\"container\">\n\t\t\t\t\t<div class=\"e-con-inner\">\n\t\t\t\t<div class=\"elementor-element elementor-element-1f9cf8d elementor-widget elementor-widget-the7-heading\" data-id=\"1f9cf8d\" data-element_type=\"widget\" data-widget_type=\"the7-heading.default\">\n\t\t\t\t<div class=\"elementor-widget-container\">\n\t\t\t\t\t<h2 class=\"the7-heading-title elementor-size-default\">info@berchem.com.tr<\/h2>\t\t\t\t<\/div>\n\t\t\t\t<\/div>\n\t\t\t\t<div class=\"elementor-element elementor-element-e47f9fb elementor-widget elementor-widget-the7-heading\" data-id=\"e47f9fb\" data-element_type=\"widget\" data-widget_type=\"the7-heading.default\">\n\t\t\t\t<div class=\"elementor-widget-container\">\n\t\t\t\t\t<h2 class=\"the7-heading-title elementor-size-default\">operasyon@berchem.com.tr<\/h2>\t\t\t\t<\/div>\n\t\t\t\t<\/div>\n\t\t\t\t\t<\/div>\n\t\t\t\t<\/div>\n\t\t\t\t<\/div>\n\t\t<div class=\"elementor-element elementor-element-4f9170d e-con-full e-flex e-con e-child\" data-id=\"4f9170d\" data-element_type=\"container\" data-settings=\"{&quot;background_background&quot;:&quot;classic&quot;}\">\n\t\t\t\t<div class=\"elementor-element elementor-element-0d33838 elementor-widget elementor-widget-text-editor\" data-id=\"0d33838\" data-element_type=\"widget\" data-widget_type=\"text-editor.default\">\n\t\t\t\t<div class=\"elementor-widget-container\">\n\t\t\t\t\t\t\t\t\t<p>Our Address Information:<br \/>Tantavi Mahallesi Estergon Caddesi Exen \u0130stanbul Sitesi F Blok<br \/>No: 24F \u0130\u00e7 Kap\u0131 No: 307<br \/>\u00dcmraniye \/ \u0130stanbul \/ T\u00fcrkiye<br \/>Adres No: 3370913752 34764<br \/>Our working hours are weekdays: 08:30 &#8211; 18:00<\/p>\t\t\t\t\t\t\t\t<\/div>\n\t\t\t\t<\/div>\n\t\t\t\t<\/div>\n\t\t\t\t\t<\/div>\n\t\t\t\t<\/div>\n\t\t<div class=\"elementor-element elementor-element-6c07073 e-con-full e-flex e-con e-child\" data-id=\"6c07073\" data-element_type=\"container\">\n\t\t\t\t<div class=\"elementor-element elementor-element-9f64c54 elementor-widget-divider--view-line elementor-widget elementor-widget-divider\" data-id=\"9f64c54\" data-element_type=\"widget\" data-widget_type=\"divider.default\">\n\t\t\t\t<div class=\"elementor-widget-container\">\n\t\t\t\t\t\t\t<div class=\"elementor-divider\">\n\t\t\t<span class=\"elementor-divider-separator\">\n\t\t\t\t\t\t<\/span>\n\t\t<\/div>\n\t\t\t\t\t\t<\/div>\n\t\t\t\t<\/div>\n\t\t\t\t<\/div>\n\t\t<div class=\"elementor-element elementor-element-d93f1df e-flex e-con-boxed e-con e-child\" data-id=\"d93f1df\" data-element_type=\"container\">\n\t\t\t\t\t<div class=\"e-con-inner\">\n\t\t\t\t<div class=\"elementor-element elementor-element-5afec64 elementor-widget elementor-widget-text-editor\" data-id=\"5afec64\" data-element_type=\"widget\" data-widget_type=\"text-editor.default\">\n\t\t\t\t<div class=\"elementor-widget-container\">\n\t\t\t\t\t\t\t\t\t<p>\u00a9 Copyright 2024<\/p>\t\t\t\t\t\t\t\t<\/div>\n\t\t\t\t<\/div>\n\t\t\t\t<div class=\"elementor-element elementor-element-817628a elementor-widget__width-auto elementor-hidden-mobile elementor-widget-divider--view-line elementor-widget elementor-widget-divider\" data-id=\"817628a\" data-element_type=\"widget\" data-widget_type=\"divider.default\">\n\t\t\t\t<div class=\"elementor-widget-container\">\n\t\t\t\t\t\t\t<div class=\"elementor-divider\">\n\t\t\t<span class=\"elementor-divider-separator\">\n\t\t\t\t\t\t<\/span>\n\t\t<\/div>\n\t\t\t\t\t\t<\/div>\n\t\t\t\t<\/div>\n\t\t\t\t<div class=\"elementor-element elementor-element-02a6a34 elementor-widget elementor-widget-text-editor\" data-id=\"02a6a34\" data-element_type=\"widget\" data-widget_type=\"text-editor.default\">\n\t\t\t\t<div class=\"elementor-widget-container\">\n\t\t\t\t\t\t\t\t\t<p>All Rights Reserved<\/p>\t\t\t\t\t\t\t\t<\/div>\n\t\t\t\t<\/div>\n\t\t\t\t<div class=\"elementor-element elementor-element-3542b3b elementor-widget__width-auto elementor-hidden-mobile elementor-widget-divider--view-line elementor-widget elementor-widget-divider\" data-id=\"3542b3b\" data-element_type=\"widget\" data-widget_type=\"divider.default\">\n\t\t\t\t<div class=\"elementor-widget-container\">\n\t\t\t\t\t\t\t<div class=\"elementor-divider\">\n\t\t\t<span class=\"elementor-divider-separator\">\n\t\t\t\t\t\t<\/span>\n\t\t<\/div>\n\t\t\t\t\t\t<\/div>\n\t\t\t\t<\/div>\n\t\t\t\t<div class=\"elementor-element elementor-element-1c2fe8b elementor-widget elementor-widget-text-editor\" data-id=\"1c2fe8b\" data-element_type=\"widget\" data-widget_type=\"text-editor.default\">\n\t\t\t\t<div class=\"elementor-widget-container\">\n\t\t\t\t\t\t\t\t\t<p>Powered by Berchem Company<\/p>\t\t\t\t\t\t\t\t<\/div>\n\t\t\t\t<\/div>\n\t\t\t\t\t<\/div>\n\t\t\t\t<\/div>\n\t\t\t\t<\/div>\n\t\t\t\t<\/div>\n\t\t\t\t<\/div>\n\t\t","protected":false},"excerpt":{"rendered":"<p>Our Contact Informatione-mail:info@berchem.com.troperasyon@berchem.com.trOur Working HoursOpen \u2013 Monday \u2013 Friday 08:30-18:00Closed \u2013 Saturday \u2013 SundayAddress: Tantavi Mah. Estergon Cad. Exen \u0130stanbul Sitesi F BlokNo: 24F \u0130\u00e7 Kap\u0131 No: 364 Adres No: 3370913752 34764 \u00dcmraniye \/ \u0130stanbul \/ T\u00fcrkiye Tax Office: Alemda\u011f Vergi Dairesi M\u00fcd\u00fcrl\u00fc\u011f\u00fcVKN: 1660693227Ticaret Sicil No: 207998-5Mersis No: 166069322700001Google Map Link: https:\/\/maps.app.goo.gl\/wXQ5ZDZXYodmxYkv9Yandek Map Link: https:\/\/yandex.com.tr\/harita\/-\/CDrSRNlX&hellip;<\/p>\n","protected":false},"author":1,"featured_media":0,"parent":0,"menu_order":6,"comment_status":"closed","ping_status":"closed","template":"elementor_canvas","meta":{"footnotes":""},"class_list":["post-14381","page","type-page","status-publish","hentry"],"_links":{"self":[{"href":"https:\/\/www.berchem.com.tr\/english\/wp-json\/wp\/v2\/pages\/14381","targetHints":{"allow":["GET"]}}],"collection":[{"href":"https:\/\/www.berchem.com.tr\/english\/wp-json\/wp\/v2\/pages"}],"about":[{"href":"https:\/\/www.berchem.com.tr\/english\/wp-json\/wp\/v2\/types\/page"}],"author":[{"embeddable":true,"href":"https:\/\/www.berchem.com.tr\/english\/wp-json\/wp\/v2\/users\/1"}],"replies":[{"embeddable":true,"href":"https:\/\/www.berchem.com.tr\/english\/wp-json\/wp\/v2\/comments?post=14381"}],"version-history":[{"count":20,"href":"https:\/\/www.berchem.com.tr\/english\/wp-json\/wp\/v2\/pages\/14381\/revisions"}],"predecessor-version":[{"id":14923,"href":"https:\/\/www.berchem.com.tr\/english\/wp-json\/wp\/v2\/pages\/14381\/revisions\/14923"}],"wp:attachment":[{"href":"https:\/\/www.berchem.com.tr\/english\/wp-json\/wp\/v2\/media?parent=14381"}],"curies":[{"name":"wp","href":"https:\/\/api.w.org\/{rel}","templated":true}]}}